{"id":279,"date":"2025-05-16T18:42:23","date_gmt":"2025-05-16T18:42:23","guid":{"rendered":"https:\/\/maximebernier.com\/archives\/"},"modified":"2025-05-16T18:43:29","modified_gmt":"2025-05-16T18:43:29","slug":"archives","status":"publish","type":"page","link":"https:\/\/maximebernier.com\/fr\/archives\/","title":{"rendered":"Archives"},"content":{"rendered":"\n<div class=\"wp-block-group alignwide has-global-padding is-layout-constrained wp-block-group-is-layout-constrained\" style=\"padding-top:var(--wp--preset--spacing--60);padding-bottom:var(--wp--preset--spacing--60)\">\n<h2 class=\"wp-block-heading alignwide has-small-font-size\" style=\"font-style:normal;font-weight:700;letter-spacing:1.4px;text-transform:uppercase\">Plus d&rsquo;articles<\/h2>\n\n\n\n<div class=\"wp-block-query alignwide is-layout-flow wp-block-query-is-layout-flow\"><ul class=\"wp-block-post-template is-layout-flow wp-block-post-template-is-layout-flow\"><li class=\"wp-block-post post-19 post type-post status-publish format-standard hentry category-non-categorise\">\n<h2 class=\"wp-block-post-title\"><a href=\"https:\/\/maximebernier.com\/fr\/2025\/05\/15\/une-nouvelle-ere-debute-dans-la-politique-canadienne\/\" target=\"_self\" >Une nouvelle \u00e8re d\u00e9bute dans la politique canadienne<\/a><\/h2>\n\n<div class=\"wp-block-post-excerpt\"><p class=\"wp-block-post-excerpt__excerpt\">Bonjour, Au cours des trois derni\u00e8res semaines, j\u2019ai re\u00e7u des milliers de messages de soutien de la part de Canadiens de partout au pays qui souhaitent avoir un v\u00e9ritable choix en octobre 2019. J\u2019ai \u00e9t\u00e9 en contact avec des centaines de personnes souhaitant s\u2019impliquer en tant que b\u00e9n\u00e9voles ou candidats. Avant m\u00eame que le parti<\/p><p class=\"wp-block-post-excerpt__more-text\"><a class=\"wp-block-post-excerpt__more-link\" href=\"https:\/\/maximebernier.com\/fr\/2025\/05\/15\/une-nouvelle-ere-debute-dans-la-politique-canadienne\/\">Read more<\/a><\/p><\/div>\n\n\n<hr class=\"wp-block-separator has-css-opacity\">\n\n\n<div class=\"wp-block-post-date\"><time datetime=\"2025-05-15T14:32:43+00:00\">mai 15, 2025<\/time><\/div>\n<\/li><li class=\"wp-block-post post-14 post type-post status-publish format-standard hentry category-non-categorise\">\n<h2 class=\"wp-block-post-title\"><a href=\"https:\/\/maximebernier.com\/fr\/2025\/05\/15\/choosing-the-principled-alternative\/\" target=\"_self\" >Choisir l\u2019alternative de principe<\/a><\/h2>\n\n<div class=\"wp-block-post-excerpt\"><p class=\"wp-block-post-excerpt__excerpt\">Maxime Bernier, chef du Parti populaire du Canada Conf\u00e9rence The Rebel Live Calgary, 10 octobre 2018 (Remerciements) Vous savez probablement que l\u2019un de mes surnoms, outre \u00ab&nbsp;Mad Max&nbsp;\u00bb, est \u00ab&nbsp;l\u2019Albertain du Qu\u00e9bec \u00bb. C\u2019est toujours un plaisir de revenir ici \u00e0 Calgary pour renouer avec mes racines albertaines! Et c\u2019est encore plus agr\u00e9able d\u2019\u00eatre dans<\/p><p class=\"wp-block-post-excerpt__more-text\"><a class=\"wp-block-post-excerpt__more-link\" href=\"https:\/\/maximebernier.com\/fr\/2025\/05\/15\/choosing-the-principled-alternative\/\">Read more<\/a><\/p><\/div>\n\n\n<hr class=\"wp-block-separator has-css-opacity\">\n\n\n<div class=\"wp-block-post-date\"><time datetime=\"2025-05-15T14:30:50+00:00\">mai 15, 2025<\/time><\/div>\n<\/li><li class=\"wp-block-post post-34 post type-post status-publish format-standard hentry category-non-categorise category-uncategorized\">\n<h2 class=\"wp-block-post-title\"><a href=\"https:\/\/maximebernier.com\/fr\/2018\/07\/19\/20-of-our-economy-at-risk\/\" target=\"_self\" >20% of our economy at risk<\/a><\/h2>\n\n<div class=\"wp-block-post-excerpt\"><p class=\"wp-block-post-excerpt__excerpt\">Yesterday, Justin Trudeau shuffled his cabinet and created a new position: Minister of International Trade Diversification. Yes, diversification, as in promoting trade with countries other than the US. 46 years ago, Pierre Trudeau launched his \u201cThird Option\u201d plan to do exactly the same thing. It made no difference at all. It\u2019s great to be able<\/p><p class=\"wp-block-post-excerpt__more-text\"><a class=\"wp-block-post-excerpt__more-link\" href=\"https:\/\/maximebernier.com\/fr\/2018\/07\/19\/20-of-our-economy-at-risk\/\">Read more<\/a><\/p><\/div>\n\n\n<hr class=\"wp-block-separator has-css-opacity\">\n\n\n<div class=\"wp-block-post-date\"><time datetime=\"2018-07-19T15:22:00+00:00\">juillet 19, 2018<\/time><\/div>\n<\/li><\/ul><\/div>\n<\/div>\n","protected":false},"excerpt":{"rendered":"<p>Plus d&rsquo;articles<\/p>\n","protected":false},"author":1,"featured_media":0,"parent":0,"menu_order":0,"comment_status":"closed","ping_status":"closed","template":"","meta":{"footnotes":""},"class_list":["post-279","page","type-page","status-publish","hentry"],"_links":{"self":[{"href":"https:\/\/maximebernier.com\/fr\/wp-json\/wp\/v2\/pages\/279","targetHints":{"allow":["GET"]}}],"collection":[{"href":"https:\/\/maximebernier.com\/fr\/wp-json\/wp\/v2\/pages"}],"about":[{"href":"https:\/\/maximebernier.com\/fr\/wp-json\/wp\/v2\/types\/page"}],"author":[{"embeddable":true,"href":"https:\/\/maximebernier.com\/fr\/wp-json\/wp\/v2\/users\/1"}],"replies":[{"embeddable":true,"href":"https:\/\/maximebernier.com\/fr\/wp-json\/wp\/v2\/comments?post=279"}],"version-history":[{"count":2,"href":"https:\/\/maximebernier.com\/fr\/wp-json\/wp\/v2\/pages\/279\/revisions"}],"predecessor-version":[{"id":281,"href":"https:\/\/maximebernier.com\/fr\/wp-json\/wp\/v2\/pages\/279\/revisions\/281"}],"wp:attachment":[{"href":"https:\/\/maximebernier.com\/fr\/wp-json\/wp\/v2\/media?parent=279"}],"curies":[{"name":"wp","href":"https:\/\/api.w.org\/{rel}","templated":true}]}}